{"id":4955,"date":"2021-12-13T09:05:46","date_gmt":"2021-12-13T08:05:46","guid":{"rendered":"https:\/\/slspo.sk\/?page_id=4955"},"modified":"2021-12-13T09:07:23","modified_gmt":"2021-12-13T08:07:23","slug":"zverejnovanie","status":"publish","type":"page","link":"https:\/\/slspo.sk\/?page_id=4955","title":{"rendered":"Zverej\u0148ovanie"},"content":{"rendered":"<p><div class=\"fusion-fullwidth fullwidth-box fusion-builder-row-1 fusion-flex-container nonhundred-percent-fullwidth non-hundred-percent-height-scrolling\" style=\"background-color: rgba(255,255,255,0);background-position: center center;background-repeat: no-repeat;border-width: 0px 0px 0px 0px;border-color:#e7e4e2;border-style:solid;\" ><div class=\"fusion-builder-row fusion-row fusion-flex-align-items-flex-start\" style=\"max-width:1331.2px;margin-left: calc(-4% \/ 2 );margin-right: calc(-4% \/ 2 );\"><div class=\"fusion-layout-column fusion_builder_column fusion-builder-column-0 fusion_builder_column_1_1 1_1 fusion-flex-column\"><div class=\"fusion-column-wrapper fusion-flex-justify-content-flex-start fusion-content-layout-column\" style=\"background-position:left top;background-repeat:no-repeat;-webkit-background-size:cover;-moz-background-size:cover;-o-background-size:cover;background-size:cover;padding: 0px 0px 0px 0px;\"><style type=\"text\/css\">@media only screen and (max-width:1024px) {.fusion-title.fusion-title-1{margin-top:10px!important;margin-bottom:20px!important;}}@media only screen and (max-width:640px) {.fusion-title.fusion-title-1{margin-top:10px!important;margin-bottom:20px!important;}}<\/style><div class=\"fusion-title title fusion-title-1 fusion-sep-none fusion-title-text fusion-title-size-two\" style=\"margin-top:10px;margin-bottom:20px;\"><h2 class=\"title-heading-left\" style=\"margin:0;\">OBJEDN\u00c1VKY<\/h2><\/div><div class=\"fusion-text fusion-text-1\" style=\"transform:translate3d(0,0,0);\"><p><iframe style=\"border: none;\" src=\"https:\/\/zverejnovanie.po-kraj.sk\/51896109\/objednavky\" name=\"Objedn\u00e1vky SO\u0160 lesn\u00edcka, Pre\u0161ov\" width=\"100%\" height=\"500px\" scrolling=\"Yes\"><\/iframe><\/p>\n<\/div><div class=\"fusion-separator fusion-full-width-sep\" style=\"align-self: center;margin-left: auto;margin-right: auto;margin-top:5px;width:100%;\"><\/div><style type=\"text\/css\">@media only screen and (max-width:1024px) {.fusion-title.fusion-title-2{margin-top:10px!important;margin-bottom:20px!important;}}@media only screen and (max-width:640px) {.fusion-title.fusion-title-2{margin-top:10px!important;margin-bottom:20px!important;}}<\/style><div class=\"fusion-title title fusion-title-2 fusion-sep-none fusion-title-text fusion-title-size-two\" style=\"margin-top:10px;margin-bottom:20px;\"><h2 class=\"title-heading-left\" style=\"margin:0;\">FAKT\u00daRY<\/h2><\/div><div class=\"fusion-text fusion-text-2\" style=\"transform:translate3d(0,0,0);\"><p><iframe style=\"border: none;\" src=\"https:\/\/zverejnovanie.po-kraj.sk\/51896109\/faktury\" name=\"Fakt\u00fary SO\u0160 lesn\u00edcka, Pre\u0161ov\" width=\"100%\" height=\"500px\" scrolling=\"Yes\"><\/iframe><\/p>\n<\/div><div class=\"fusion-separator fusion-full-width-sep\" style=\"align-self: center;margin-left: auto;margin-right: auto;margin-top:5px;width:100%;\"><\/div><style type=\"text\/css\">@media only screen and (max-width:1024px) {.fusion-title.fusion-title-3{margin-top:10px!important;margin-bottom:20px!important;}}@media only screen and (max-width:640px) {.fusion-title.fusion-title-3{margin-top:10px!important;margin-bottom:20px!important;}}<\/style><div class=\"fusion-title title fusion-title-3 fusion-sep-none fusion-title-text fusion-title-size-two\" style=\"margin-top:10px;margin-bottom:20px;\"><h2 class=\"title-heading-left\" style=\"margin:0;\">ZMLUVY<\/h2><\/div><div class=\"fusion-text fusion-text-3\" style=\"transform:translate3d(0,0,0);\"><p><iframe style=\"border: none;\" src=\"https:\/\/zverejnovanie.po-kraj.sk\/51896109\/zmluvy\/\" name=\"Zmluvy SO\u0160 lesn\u00edcka, Pre\u0161ov\" width=\"100%\" height=\"500px\" scrolling=\"Yes\"><\/iframe><\/p>\n<\/div><div class=\"fusion-separator fusion-full-width-sep\" style=\"align-self: center;margin-left: auto;margin-right: auto;margin-top:5px;width:100%;\"><\/div><\/div><\/div><style type=\"text\/css\">.fusion-body .fusion-builder-column-0{width:100% !important;margin-top : 10px;margin-bottom : 10px;}.fusion-builder-column-0 > .fusion-column-wrapper {padding-top : 0px !important;padding-right : 0px !important;margin-right : 1.92%;padding-bottom : 0px !important;padding-left : 0px !important;margin-left : 1.92%;}@media only screen and (max-width:1024px) {.fusion-body .fusion-builder-column-0{width:100% !important;order : 0;}.fusion-builder-column-0 > .fusion-column-wrapper {margin-right : 1.92%;margin-left : 1.92%;}}@media only screen and (max-width:640px) {.fusion-body .fusion-builder-column-0{width:100% !important;order : 0;}.fusion-builder-column-0 > .fusion-column-wrapper {margin-right : 1.92%;margin-left : 1.92%;}}<\/style><\/div><style type=\"text\/css\">.fusion-body .fusion-flex-container.fusion-builder-row-1{ padding-top : 0px;margin-top : 0px;padding-right : 0px;padding-bottom : 0px;margin-bottom : 0px;padding-left : 0px;}<\/style><\/div><div class=\"fusion-fullwidth fullwidth-box fusion-builder-row-2 fusion-flex-container nonhundred-percent-fullwidth non-hundred-percent-height-scrolling\" style=\"background-color: #333c4e;background-position: left top;background-repeat: no-repeat;border-width: 0px 0px 0px 0px;border-color:#e7e4e2;border-style:solid;\" ><div class=\"fusion-builder-row fusion-row fusion-flex-align-items-flex-start\" style=\"max-width:calc( 1280px + 0px );margin-left: calc(-0px \/ 2 );margin-right: calc(-0px \/ 2 );\"><div class=\"fusion-layout-column fusion_builder_column fusion-builder-column-1 fusion_builder_column_1_1 1_1 fusion-flex-column fusion-flex-align-self-flex-start fusion-column-no-min-height\"><div class=\"fusion-column-wrapper fusion-flex-justify-content-flex-start fusion-content-layout-column\" style=\"background-position:left top;background-repeat:no-repeat;-webkit-background-size:cover;-moz-background-size:cover;-o-background-size:cover;background-size:cover;padding: 0px 0px 0px 0px;\"><style type=\"text\/css\">.fusion-title.fusion-title-4 svg path{stroke-width:6!important}@media only screen and (max-width:1024px) {.fusion-title.fusion-title-4{margin-top:10px!important;margin-bottom:24px!important;}}@media only screen and (max-width:640px) {.fusion-title.fusion-title-4{margin-top:10px!important;margin-bottom:20px!important;}}<\/style><div class=\"fusion-title title fusion-title-4 fusion-sep-none fusion-title-center fusion-title-highlight fusion-loop-off fusion-highlight-underline fusion-title-size-two\" style=\"margin-top:10px;margin-bottom:24px;\" data-highlight=\"underline\"><h2 class=\"title-heading-center\" style=\"margin:0;color:#ffffff;\"><span class=\"fusion-highlighted-text-prefix\">Pridaj sa k<\/span> <span class=\"fusion-highlighted-text-wrapper\"><span class=\"fusion-highlighted-text\" style=\"color:#f09a3e;\">tis\u00edckam \u0161tudentov,<\/span><\/span> <span class=\"fusion-highlighted-text-postfix\">ktor\u00ed s\u00fa dnes \u00faspe\u0161n\u00fdmi lesn\u00edkmi.<\/span><\/h2><\/div><div class=\"fusion-separator fusion-full-width-sep\" style=\"align-self: center;margin-left: auto;margin-right: auto;margin-top:-25px;width:100%;\"><\/div><div class=\"fusion-text fusion-text-4\" style=\"transform:translate3d(0,0,0);\"><p style=\"text-align: center; font-size: 20px;\">Vyber si svoje zameranie a \u0161tuduj to, \u010do \u0165a bav\u00ed.<\/p>\n<\/div><div class=\"fusion-separator fusion-full-width-sep\" style=\"align-self: center;margin-left: auto;margin-right: auto;margin-top:15px;width:100%;\"><\/div><div style=\"text-align:center;\"><style type=\"text\/css\">.fusion-button.button-1 {border-radius:0px;}<\/style><a class=\"fusion-button button-flat fusion-button-default-size button-default button-1 fusion-button-default-span fusion-button-default-type\" target=\"_self\" title=\"Uch\u00e1dza\u010di\" href=\"https:\/\/slspo.sk\/?page_id=6361\"><i class=\"university-street-view button-icon-left\" aria-hidden=\"true\"><\/i><span class=\"fusion-button-text\">DOZVEDIE\u0164 SA VIAC<\/span><\/a><\/div><\/div><\/div><style type=\"text\/css\">.fusion-body .fusion-builder-column-1{width:100% !important;margin-top : 3%;margin-bottom : 3%;}.fusion-builder-column-1 > .fusion-column-wrapper {padding-top : 0px !important;padding-right : 0px !important;margin-right : 0px;padding-bottom : 0px !important;padding-left : 0px !important;margin-left : 0px;}@media only screen and (max-width:1024px) {.fusion-body .fusion-builder-column-1{width:100% !important;}.fusion-builder-column-1 > .fusion-column-wrapper {margin-right : 0px;margin-left : 0px;}}@media only screen and (max-width:640px) {.fusion-body .fusion-builder-column-1{width:100% !important;}.fusion-builder-column-1 > .fusion-column-wrapper {margin-right : 0px;margin-left : 0px;}}<\/style><\/div><style type=\"text\/css\">.fusion-body .fusion-flex-container.fusion-builder-row-2{ padding-top : 50px;margin-top : 0px;padding-right : 0px;padding-bottom : 45px;margin-bottom : 0px;padding-left : 0px;}@media only screen and (max-width:640px) {.fusion-body .fusion-flex-container.fusion-builder-row-2{ padding-right : 50px;padding-left : 50px;}}<\/style><\/div>\n<\/p>\n","protected":false},"excerpt":{"rendered":"","protected":false},"author":1,"featured_media":0,"parent":0,"menu_order":0,"comment_status":"closed","ping_status":"closed","template":"100-width.php","meta":{"ngg_post_thumbnail":0,"footnotes":""},"class_list":["post-4955","page","type-page","status-publish","hentry"],"yoast_head":"<!-- This site is optimized with the Yoast SEO plugin v27.5 - https:\/\/yoast.com\/product\/yoast-seo-wordpress\/ -->\n<title>Zverej\u0148ovanie - Stredn\u00e1 odborn\u00e1 \u0161kola lesn\u00edcka v Pre\u0161ove<\/title>\n<meta name=\"robots\" content=\"index, follow, max-snippet:-1, max-image-preview:large, max-video-preview:-1\" \/>\n<link rel=\"canonical\" href=\"https:\/\/slspo.sk\/?page_id=4955\" \/>\n<meta property=\"og:locale\" content=\"sk_SK\" \/>\n<meta property=\"og:type\" content=\"article\" \/>\n<meta property=\"og:title\" content=\"Zverej\u0148ovanie - Stredn\u00e1 odborn\u00e1 \u0161kola lesn\u00edcka v Pre\u0161ove\" \/>\n<meta property=\"og:url\" content=\"https:\/\/slspo.sk\/?page_id=4955\" \/>\n<meta property=\"og:site_name\" content=\"Stredn\u00e1 odborn\u00e1 \u0161kola lesn\u00edcka v Pre\u0161ove\" \/>\n<meta property=\"article:publisher\" content=\"https:\/\/www.facebook.com\/soslesnicka\/\" \/>\n<meta property=\"article:modified_time\" content=\"2021-12-13T08:07:23+00:00\" \/>\n<meta name=\"twitter:card\" content=\"summary_large_image\" \/>\n<meta name=\"twitter:label1\" content=\"Predpokladan\u00fd \u010das \u010d\u00edtania\" \/>\n\t<meta name=\"twitter:data1\" content=\"6 min\u00fat\" \/>\n<script type=\"application\/ld+json\" class=\"yoast-schema-graph\">{\"@context\":\"https:\\\/\\\/schema.org\",\"@graph\":[{\"@type\":\"WebPage\",\"@id\":\"https:\\\/\\\/slspo.sk\\\/?page_id=4955\",\"url\":\"https:\\\/\\\/slspo.sk\\\/?page_id=4955\",\"name\":\"Zverej\u0148ovanie - Stredn\u00e1 odborn\u00e1 \u0161kola lesn\u00edcka v Pre\u0161ove\",\"isPartOf\":{\"@id\":\"https:\\\/\\\/slspo.sk\\\/#website\"},\"datePublished\":\"2021-12-13T08:05:46+00:00\",\"dateModified\":\"2021-12-13T08:07:23+00:00\",\"breadcrumb\":{\"@id\":\"https:\\\/\\\/slspo.sk\\\/?page_id=4955#breadcrumb\"},\"inLanguage\":\"sk-SK\",\"potentialAction\":[{\"@type\":\"ReadAction\",\"target\":[\"https:\\\/\\\/slspo.sk\\\/?page_id=4955\"]}]},{\"@type\":\"BreadcrumbList\",\"@id\":\"https:\\\/\\\/slspo.sk\\\/?page_id=4955#breadcrumb\",\"itemListElement\":[{\"@type\":\"ListItem\",\"position\":1,\"name\":\"Domovsk\u00e1 str\u00e1nka\",\"item\":\"https:\\\/\\\/slspo.sk\\\/\"},{\"@type\":\"ListItem\",\"position\":2,\"name\":\"Zverej\u0148ovanie\"}]},{\"@type\":\"WebSite\",\"@id\":\"https:\\\/\\\/slspo.sk\\\/#website\",\"url\":\"https:\\\/\\\/slspo.sk\\\/\",\"name\":\"Stredn\u00e1 odborn\u00e1 \u0161kola lesn\u00edcka v Pre\u0161ove\",\"description\":\"Centrum odborn\u00e9ho vzdel\u00e1vania a pr\u00edpravy v lesn\u00edctve. \u0160kola je modernou vzdel\u00e1vacou in\u0161tit\u00faciou pon\u00fakaj\u00facou vzdel\u00e1vanie a v\u00fdchovu bud\u00facich mana\u017e\u00e9rov v oblasti lesn\u00edctva, po\u013eovn\u00edctva, \u010di ochrany pr\u00edrody a krajiny.\",\"publisher\":{\"@id\":\"https:\\\/\\\/slspo.sk\\\/#organization\"},\"potentialAction\":[{\"@type\":\"SearchAction\",\"target\":{\"@type\":\"EntryPoint\",\"urlTemplate\":\"https:\\\/\\\/slspo.sk\\\/?s={search_term_string}\"},\"query-input\":{\"@type\":\"PropertyValueSpecification\",\"valueRequired\":true,\"valueName\":\"search_term_string\"}}],\"inLanguage\":\"sk-SK\"},{\"@type\":\"Organization\",\"@id\":\"https:\\\/\\\/slspo.sk\\\/#organization\",\"name\":\"Stredn\u00e1 odborn\u00e1 \u0161kola lesn\u00edcka v Pre\u0161ove\",\"url\":\"https:\\\/\\\/slspo.sk\\\/\",\"logo\":{\"@type\":\"ImageObject\",\"inLanguage\":\"sk-SK\",\"@id\":\"https:\\\/\\\/slspo.sk\\\/#\\\/schema\\\/logo\\\/image\\\/\",\"url\":\"https:\\\/\\\/slspo.sk\\\/wp-content\\\/uploads\\\/2021\\\/12\\\/logo_slspo.png\",\"contentUrl\":\"https:\\\/\\\/slspo.sk\\\/wp-content\\\/uploads\\\/2021\\\/12\\\/logo_slspo.png\",\"width\":1306,\"height\":1128,\"caption\":\"Stredn\u00e1 odborn\u00e1 \u0161kola lesn\u00edcka v Pre\u0161ove\"},\"image\":{\"@id\":\"https:\\\/\\\/slspo.sk\\\/#\\\/schema\\\/logo\\\/image\\\/\"},\"sameAs\":[\"https:\\\/\\\/www.facebook.com\\\/soslesnicka\\\/\"]}]}<\/script>\n<!-- \/ Yoast SEO plugin. -->","yoast_head_json":{"title":"Zverej\u0148ovanie - Stredn\u00e1 odborn\u00e1 \u0161kola lesn\u00edcka v Pre\u0161ove","robots":{"index":"index","follow":"follow","max-snippet":"max-snippet:-1","max-image-preview":"max-image-preview:large","max-video-preview":"max-video-preview:-1"},"canonical":"https:\/\/slspo.sk\/?page_id=4955","og_locale":"sk_SK","og_type":"article","og_title":"Zverej\u0148ovanie - Stredn\u00e1 odborn\u00e1 \u0161kola lesn\u00edcka v Pre\u0161ove","og_url":"https:\/\/slspo.sk\/?page_id=4955","og_site_name":"Stredn\u00e1 odborn\u00e1 \u0161kola lesn\u00edcka v Pre\u0161ove","article_publisher":"https:\/\/www.facebook.com\/soslesnicka\/","article_modified_time":"2021-12-13T08:07:23+00:00","twitter_card":"summary_large_image","twitter_misc":{"Predpokladan\u00fd \u010das \u010d\u00edtania":"6 min\u00fat"},"schema":{"@context":"https:\/\/schema.org","@graph":[{"@type":"WebPage","@id":"https:\/\/slspo.sk\/?page_id=4955","url":"https:\/\/slspo.sk\/?page_id=4955","name":"Zverej\u0148ovanie - Stredn\u00e1 odborn\u00e1 \u0161kola lesn\u00edcka v Pre\u0161ove","isPartOf":{"@id":"https:\/\/slspo.sk\/#website"},"datePublished":"2021-12-13T08:05:46+00:00","dateModified":"2021-12-13T08:07:23+00:00","breadcrumb":{"@id":"https:\/\/slspo.sk\/?page_id=4955#breadcrumb"},"inLanguage":"sk-SK","potentialAction":[{"@type":"ReadAction","target":["https:\/\/slspo.sk\/?page_id=4955"]}]},{"@type":"BreadcrumbList","@id":"https:\/\/slspo.sk\/?page_id=4955#breadcrumb","itemListElement":[{"@type":"ListItem","position":1,"name":"Domovsk\u00e1 str\u00e1nka","item":"https:\/\/slspo.sk\/"},{"@type":"ListItem","position":2,"name":"Zverej\u0148ovanie"}]},{"@type":"WebSite","@id":"https:\/\/slspo.sk\/#website","url":"https:\/\/slspo.sk\/","name":"Stredn\u00e1 odborn\u00e1 \u0161kola lesn\u00edcka v Pre\u0161ove","description":"Centrum odborn\u00e9ho vzdel\u00e1vania a pr\u00edpravy v lesn\u00edctve. \u0160kola je modernou vzdel\u00e1vacou in\u0161tit\u00faciou pon\u00fakaj\u00facou vzdel\u00e1vanie a v\u00fdchovu bud\u00facich mana\u017e\u00e9rov v oblasti lesn\u00edctva, po\u013eovn\u00edctva, \u010di ochrany pr\u00edrody a krajiny.","publisher":{"@id":"https:\/\/slspo.sk\/#organization"},"potentialAction":[{"@type":"SearchAction","target":{"@type":"EntryPoint","urlTemplate":"https:\/\/slspo.sk\/?s={search_term_string}"},"query-input":{"@type":"PropertyValueSpecification","valueRequired":true,"valueName":"search_term_string"}}],"inLanguage":"sk-SK"},{"@type":"Organization","@id":"https:\/\/slspo.sk\/#organization","name":"Stredn\u00e1 odborn\u00e1 \u0161kola lesn\u00edcka v Pre\u0161ove","url":"https:\/\/slspo.sk\/","logo":{"@type":"ImageObject","inLanguage":"sk-SK","@id":"https:\/\/slspo.sk\/#\/schema\/logo\/image\/","url":"https:\/\/slspo.sk\/wp-content\/uploads\/2021\/12\/logo_slspo.png","contentUrl":"https:\/\/slspo.sk\/wp-content\/uploads\/2021\/12\/logo_slspo.png","width":1306,"height":1128,"caption":"Stredn\u00e1 odborn\u00e1 \u0161kola lesn\u00edcka v Pre\u0161ove"},"image":{"@id":"https:\/\/slspo.sk\/#\/schema\/logo\/image\/"},"sameAs":["https:\/\/www.facebook.com\/soslesnicka\/"]}]}},"_links":{"self":[{"href":"https:\/\/slspo.sk\/index.php?rest_route=\/wp\/v2\/pages\/4955","targetHints":{"allow":["GET"]}}],"collection":[{"href":"https:\/\/slspo.sk\/index.php?rest_route=\/wp\/v2\/pages"}],"about":[{"href":"https:\/\/slspo.sk\/index.php?rest_route=\/wp\/v2\/types\/page"}],"author":[{"embeddable":true,"href":"https:\/\/slspo.sk\/index.php?rest_route=\/wp\/v2\/users\/1"}],"replies":[{"embeddable":true,"href":"https:\/\/slspo.sk\/index.php?rest_route=%2Fwp%2Fv2%2Fcomments&post=4955"}],"version-history":[{"count":3,"href":"https:\/\/slspo.sk\/index.php?rest_route=\/wp\/v2\/pages\/4955\/revisions"}],"predecessor-version":[{"id":4958,"href":"https:\/\/slspo.sk\/index.php?rest_route=\/wp\/v2\/pages\/4955\/revisions\/4958"}],"wp:attachment":[{"href":"https:\/\/slspo.sk\/index.php?rest_route=%2Fwp%2Fv2%2Fmedia&parent=4955"}],"curies":[{"name":"wp","href":"https:\/\/api.w.org\/{rel}","templated":true}]}}